{"id":101,"date":"2025-02-24T19:29:35","date_gmt":"2025-02-24T19:29:35","guid":{"rendered":"https:\/\/theosport.cz\/?page_id=101"},"modified":"2025-02-25T09:10:22","modified_gmt":"2025-02-25T09:10:22","slug":"kariera","status":"publish","type":"page","link":"https:\/\/theosport.cz\/?page_id=101","title":{"rendered":"Kari\u00e9ra"},"content":{"rendered":"\n<p class=\"wp-block-paragraph\"><strong>Pozice:<\/strong> Mechanik<\/p>\n\n\n\n<pre class=\"wp-block-preformatted\">U n\u00e1s je mechanik v\u017edy jedni\u010dka. D\u00edlna je to co n\u00e1m odjak\u017eiva d\u011blalo a d\u011bl\u00e1 jm\u00e9no a pro\u010d n\u00e1s z\u00e1kazn\u00edci miluj\u00ed. Pokud r\u00e1d montuje\u0161 nov\u00e1 kola, zvl\u00e1d\u00e1\u0161 se\u0159izovat, opravovat \u010di r\u00e1d prov\u00e1d\u00ed\u0161 \u00fadr\u017ebu kola, dok\u00e1\u017ee\u0161 komunikovat na \u00farovni, um\u00ed\u0161 t\u00e1hnout za jeden provaz,  m\u016f\u017ee\u0161 roz\u0161\u00ed\u0159it n\u00e1\u0161 mechanick\u00fd t\u00fdm. \nJe pot\u0159eba, aby jsi m\u011bl z\u00e1kladn\u00ed pov\u011bdom\u00ed o cyklistick\u00e9m sv\u011bt\u011b, komponentech, jak a na co na kole \u0161\u00e1hnout, aby byli na\u0161i z\u00e1kazn\u00edci spokojen\u00ed.\nNab\u00edz\u00edme ti st\u00e1l\u00fd pracovn\u00ed pom\u011br, pracovn\u00ed doba flexibiln\u00ed aby jsi si tak\u00e9 stihl zajezdit, r\u00e1di t\u011b dou\u010d\u00edme, vy\u0161kol\u00edme, sem tam tak\u00e9 vyvezem na dal\u0161\u00ed \u0161kolen\u00ed \u010di p\u0159edstavova\u010dky nov\u00fdch model\u016f. Bude\u0161 st\u00e1le v obraze s nejnov\u011bj\u0161\u00edmi trendy v cyklistice, a na svoje kola a vybaven\u00ed bude\u0161 m\u00edt v\u017edy speci\u00e1ln\u00ed zam\u011bstnaneck\u00e9 ceny.\nJsi-li manu\u00e1ln\u011b zru\u010dn\u00fd a kolo je tv\u016fj \u017eivot, po\u0161li \u017eivotopis (info@theosport.cz) , nebo se p\u0159ij\u010f domluvit na pohovor.<\/pre>\n","protected":false},"excerpt":{"rendered":"<p>Pozice: Mechanik U n\u00e1s je mechanik v\u017edy jedni\u010dka. D\u00edlna je to co n\u00e1m odjak\u017eiva d\u011blalo a d\u011bl\u00e1 jm\u00e9no a pro\u010d n\u00e1s z\u00e1kazn\u00edci miluj\u00ed. Pokud r\u00e1d&hellip;<\/p>\n","protected":false},"author":1,"featured_media":0,"parent":0,"menu_order":0,"comment_status":"closed","ping_status":"closed","template":"","meta":{"_crdt_document":"","footnotes":""},"class_list":["post-101","page","type-page","status-publish","hentry"],"_links":{"self":[{"href":"https:\/\/theosport.cz\/index.php?rest_route=\/wp\/v2\/pages\/101","targetHints":{"allow":["GET"]}}],"collection":[{"href":"https:\/\/theosport.cz\/index.php?rest_route=\/wp\/v2\/pages"}],"about":[{"href":"https:\/\/theosport.cz\/index.php?rest_route=\/wp\/v2\/types\/page"}],"author":[{"embeddable":true,"href":"https:\/\/theosport.cz\/index.php?rest_route=\/wp\/v2\/users\/1"}],"replies":[{"embeddable":true,"href":"https:\/\/theosport.cz\/index.php?rest_route=%2Fwp%2Fv2%2Fcomments&post=101"}],"version-history":[{"count":2,"href":"https:\/\/theosport.cz\/index.php?rest_route=\/wp\/v2\/pages\/101\/revisions"}],"predecessor-version":[{"id":114,"href":"https:\/\/theosport.cz\/index.php?rest_route=\/wp\/v2\/pages\/101\/revisions\/114"}],"wp:attachment":[{"href":"https:\/\/theosport.cz\/index.php?rest_route=%2Fwp%2Fv2%2Fmedia&parent=101"}],"curies":[{"name":"wp","href":"https:\/\/api.w.org\/{rel}","templated":true}]}}