{"id":25,"date":"2024-10-23T10:20:57","date_gmt":"2024-10-23T10:20:57","guid":{"rendered":"https:\/\/theosport.cz\/?page_id=25"},"modified":"2024-10-31T10:25:42","modified_gmt":"2024-10-31T10:25:42","slug":"o-nas","status":"publish","type":"page","link":"https:\/\/theosport.cz\/?page_id=25","title":{"rendered":"O n\u00e1s"},"content":{"rendered":"\n<p class=\"wp-block-paragraph\">Na\u0161e historie<br><strong>Theosport v \u010d\u00edslech<\/strong>:<br>1991 zalo\u017een\u00ed firmy Theosport mistrem sv\u011bta v dr\u00e1hov\u00e9 cyklistice <a href=\"https:\/\/cs.wikipedia.org\/wiki\/Theodor_%C4%8Cern%C3%BD\">Theodorem \u010cern\u00fdm<\/a><br><br>2011 start s elektrokoly<br><br>33 let na trhu<br><br>8000+ kol od n\u00e1s jezd\u00ed<br><br>4500 druh\u016f zbo\u017e\u00ed na prodejn\u011b<br><br><br><strong>Mise:<\/strong><br>Karlovarsk\u00fd kraj je m\u00edsto zasl\u00edben\u00e9 pro cyklistiku a my tomu r\u00e1ji biker\u016f dopom\u00e1h\u00e1me. A\u0165 u\u017e nejvy\u0161\u0161\u00edmi standardy zna\u010dek kol na trhu, kvalitn\u00edmi a praktick\u00fdmi dopl\u0148ky, stejn\u011b jako jsme si v\u017edy zakl\u00e1dali na spolehliv\u00e9m servisu. Milujeme na\u0161i pr\u00e1ci, stejn\u011b jako z\u00e1kazn\u00edci miluj\u00ed na\u0161e kola. D\u011bl\u00e1me to srdcem a nejvy\u0161\u0161\u00ed odm\u011bna pro n\u00e1s je t\u0159eba zpr\u00e1va od z\u00e1kazn\u00edka na WhatsAppu \u017ee je najeto 999km s d\u00edky za servis. To n\u00e1s uji\u0161\u0165uje, \u017ee jdeme spr\u00e1vnou cestou. D\u011bkujeme!<br><br><strong>Vize:<\/strong><br>v\u017edy je prostor kde se zlep\u0161ovat, stejn\u011b jako se zlep\u0161uj\u00ed na\u0161e kola. B\u00fdt st\u00e1le na \u0161pici, a\u0165 u\u017e nab\u00eddkou kol, \u010di v\u011bdomostmi o nejnov\u011bj\u0161\u00edch technologi\u00edch. Zku\u0161enosti s j\u00edzdou na kole jsou sice nep\u0159enosn\u00e9, ale chceme n\u00e1dhern\u00e9 z\u00e1\u017eitky po karlovarsk\u00fdch cyklostezk\u00e1ch \u010di kru\u0161nohorsk\u00fdch trailech zprost\u0159edkokvat v\u0161em na\u0161im z\u00e1kazn\u00edk\u016fm. R\u00e1di se s v\u00e1mi pod\u011bl\u00edme o nej\u00fa\u017easn\u011bj\u0161\u00ed trasy..<br><br>Nejkr\u00e1sn\u011bj\u0161\u00ed pohled na sv\u011bt je ze sedla \/kola\/.:<\/p>\n","protected":false},"excerpt":{"rendered":"<p>Na\u0161e historieTheosport v \u010d\u00edslech:1991 zalo\u017een\u00ed firmy Theosport mistrem sv\u011bta v dr\u00e1hov\u00e9 cyklistice Theodorem \u010cern\u00fdm 2011 start s elektrokoly 33 let na trhu 8000+ kol od&hellip;<\/p>\n","protected":false},"author":1,"featured_media":0,"parent":0,"menu_order":0,"comment_status":"closed","ping_status":"closed","template":"","meta":{"_crdt_document":"","footnotes":""},"class_list":["post-25","page","type-page","status-publish","hentry"],"_links":{"self":[{"href":"https:\/\/theosport.cz\/index.php?rest_route=\/wp\/v2\/pages\/25","targetHints":{"allow":["GET"]}}],"collection":[{"href":"https:\/\/theosport.cz\/index.php?rest_route=\/wp\/v2\/pages"}],"about":[{"href":"https:\/\/theosport.cz\/index.php?rest_route=\/wp\/v2\/types\/page"}],"author":[{"embeddable":true,"href":"https:\/\/theosport.cz\/index.php?rest_route=\/wp\/v2\/users\/1"}],"replies":[{"embeddable":true,"href":"https:\/\/theosport.cz\/index.php?rest_route=%2Fwp%2Fv2%2Fcomments&post=25"}],"version-history":[{"count":5,"href":"https:\/\/theosport.cz\/index.php?rest_route=\/wp\/v2\/pages\/25\/revisions"}],"predecessor-version":[{"id":87,"href":"https:\/\/theosport.cz\/index.php?rest_route=\/wp\/v2\/pages\/25\/revisions\/87"}],"wp:attachment":[{"href":"https:\/\/theosport.cz\/index.php?rest_route=%2Fwp%2Fv2%2Fmedia&parent=25"}],"curies":[{"name":"wp","href":"https:\/\/api.w.org\/{rel}","templated":true}]}}