{"id":76,"date":"2024-10-23T12:25:57","date_gmt":"2024-10-23T12:25:57","guid":{"rendered":"https:\/\/theosport.cz\/?page_id=76"},"modified":"2025-04-09T09:42:07","modified_gmt":"2025-04-09T09:42:07","slug":"kontakt2","status":"publish","type":"page","link":"https:\/\/theosport.cz\/?page_id=76","title":{"rendered":"Kontakt"},"content":{"rendered":"\n<div class=\"wp-block-columns is-layout-flex wp-container-core-columns-is-layout-8f761849 wp-block-columns-is-layout-flex\">\n<div class=\"wp-block-column is-layout-flow wp-block-column-is-layout-flow\">\n<p class=\"wp-block-paragraph\"><strong>Prodejna: <\/strong> +420 353 568 041<br><strong>Martin: <\/strong> \u00a0\u00a0\u00a0+420 608 880 007<br><strong>Honza:<\/strong> \u00a0\u00a0\u00a0\u00a0+420 608 335 270<br><strong>To\u010fa:<\/strong> \u00a0\u00a0\u00a0\u00a0\u00a0\u00a0+420 602 110 419<br><strong>email:<\/strong> \u00a0\u00a0\u00a0\u00a0\u00a0\u00a0info@theosport.cz<\/p>\n\n\n\n<figure class=\"wp-block-image size-large\"><img loading=\"lazy\" decoding=\"async\" width=\"1024\" height=\"621\" src=\"https:\/\/theosport.cz\/wp-content\/uploads\/2024\/10\/theosport_prodejna-1024x621.png\" alt=\"\" class=\"wp-image-45\" srcset=\"https:\/\/theosport.cz\/wp-content\/uploads\/2024\/10\/theosport_prodejna-1024x621.png 1024w, https:\/\/theosport.cz\/wp-content\/uploads\/2024\/10\/theosport_prodejna-300x182.png 300w, https:\/\/theosport.cz\/wp-content\/uploads\/2024\/10\/theosport_prodejna-768x466.png 768w, https:\/\/theosport.cz\/wp-content\/uploads\/2024\/10\/theosport_prodejna.png 1463w\" sizes=\"auto, (max-width: 1024px) 100vw, 1024px\" \/><\/figure>\n<\/div>\n\n\n\n<div class=\"wp-block-column is-layout-flow wp-block-column-is-layout-flow\">\n<p class=\"wp-block-paragraph\"><strong>Theodor \u010cern\u00fd<\/strong><br>Sokolovsk\u00e1 1023\/39<br>360 05 Karlovy vary<br>I\u010c: 16895975<\/p>\n\n\n\n<p class=\"has-text-align-left wp-block-paragraph\"><strong>Otev\u00edrac\u00ed doba:<\/strong><br>Po&nbsp;&nbsp;&nbsp;9:00-17:30<br>\u00dat&nbsp;&nbsp;&nbsp;9:00-17:30<br>St&nbsp;&nbsp;&nbsp;&nbsp;9:00-17:30<br>\u010ct&nbsp;&nbsp;&nbsp;9:00-17:30<br>P\u00e1&nbsp;&nbsp;&nbsp;9:00-17:30<br>So&nbsp;&nbsp;&nbsp;9:00-12:00<br>Nest\u00edh\u00e1te v tomto \u010dase? Zavolejte a domluv\u00edme se individu\u00e1ln\u011b..<\/p>\n<\/div>\n\n\n\n<div class=\"wp-block-column is-layout-flow wp-block-column-is-layout-flow\">\n\n<div class=\"wpcf7 no-js\" id=\"wpcf7-f60-o1\" lang=\"cs-CZ\" dir=\"ltr\" data-wpcf7-id=\"60\">\n<div class=\"screen-reader-response\"><p role=\"status\" aria-live=\"polite\" aria-atomic=\"true\"><\/p> <ul><\/ul><\/div>\n<form action=\"\/index.php?rest_route=%2Fwp%2Fv2%2Fpages%2F76#wpcf7-f60-o1\" method=\"post\" class=\"wpcf7-form init\" aria-label=\"Kontaktn\u00ed formul\u00e1\u0159\" novalidate=\"novalidate\" data-status=\"init\">\n<fieldset class=\"hidden-fields-container\"><input type=\"hidden\" name=\"_wpcf7\" value=\"60\" \/><input type=\"hidden\" name=\"_wpcf7_version\" value=\"6.1.5\" \/><input type=\"hidden\" name=\"_wpcf7_locale\" value=\"cs_CZ\" \/><input type=\"hidden\" name=\"_wpcf7_unit_tag\" value=\"wpcf7-f60-o1\" \/><input type=\"hidden\" name=\"_wpcf7_container_post\" value=\"0\" \/><input type=\"hidden\" name=\"_wpcf7_posted_data_hash\" value=\"\" \/><input type=\"hidden\" name=\"_wpcf7_recaptcha_response\" value=\"\" \/>\n<\/fieldset>\n<p><label> Va\u0161e jm\u00e9no<br \/>\n<span class=\"wpcf7-form-control-wrap\" data-name=\"your-name\"><input size=\"40\" maxlength=\"400\" class=\"wpcf7-form-control wpcf7-text wpcf7-validates-as-required\" autocomplete=\"name\" aria-required=\"true\" aria-invalid=\"false\" value=\"\" type=\"text\" name=\"your-name\" \/><\/span> <\/label>\n<\/p>\n<p><label> V\u00e1\u0161 e-mail<br \/>\n<span class=\"wpcf7-form-control-wrap\" data-name=\"your-email\"><input size=\"40\" maxlength=\"400\" class=\"wpcf7-form-control wpcf7-email wpcf7-validates-as-required wpcf7-text wpcf7-validates-as-email\" autocomplete=\"email\" aria-required=\"true\" aria-invalid=\"false\" value=\"\" type=\"email\" name=\"your-email\" \/><\/span> <\/label>\n<\/p>\n<p><label> P\u0159edm\u011bt<br \/>\n<span class=\"wpcf7-form-control-wrap\" data-name=\"your-subject\"><input size=\"40\" maxlength=\"400\" class=\"wpcf7-form-control wpcf7-text wpcf7-validates-as-required\" aria-required=\"true\" aria-invalid=\"false\" value=\"\" type=\"text\" name=\"your-subject\" \/><\/span> <\/label>\n<\/p>\n<p><label> Va\u0161e zpr\u00e1va<br \/>\n<span class=\"wpcf7-form-control-wrap\" data-name=\"your-message\"><textarea cols=\"40\" rows=\"10\" maxlength=\"2000\" class=\"wpcf7-form-control wpcf7-textarea\" aria-invalid=\"false\" name=\"your-message\"><\/textarea><\/span> <\/label>\n<\/p>\n<p><input class=\"wpcf7-form-control wpcf7-submit has-spinner\" type=\"submit\" value=\"Odeslat\" \/>\n<\/p><p style=\"display: none !important;\" class=\"akismet-fields-container\" data-prefix=\"_wpcf7_ak_\"><label>&#916;<textarea name=\"_wpcf7_ak_hp_textarea\" cols=\"45\" rows=\"8\" maxlength=\"100\"><\/textarea><\/label><input type=\"hidden\" id=\"ak_js_1\" name=\"_wpcf7_ak_js\" value=\"183\"\/><script>document.getElementById( \"ak_js_1\" ).setAttribute( \"value\", ( new Date() ).getTime() );<\/script><\/p><div class=\"wpcf7-response-output\" aria-hidden=\"true\"><\/div>\n<\/form>\n<\/div>\n\n<\/div>\n<\/div>\n\n\n\n<p class=\"wp-block-paragraph\"><strong>Jak se k n\u00e1m dostanete ?<\/strong><br>Bus od Tr\u017enice (zast\u00e1vka p\u0159\u00edmo naproti n\u00e1m): 5, 9, 12, 15, 19, 22, 4<\/p>\n\n\n\n<p class=\"wp-block-paragraph\"><strong>Parking: <\/strong>reserv\u00e9 Theosport: p\u0159\u00edmo pod na\u0161\u00edm kr\u00e1mem &#8211; \u0160meralova \/ E.kr\u00e1snohorsk\u00e9<\/p>\n\n\n\n<iframe src=\"https:\/\/www.google.com\/maps\/embed?pb=!1m18!1m12!1m3!1d3080.518961639302!2d12.859088276861403!3d50.23319300298261!2m3!1f0!2f0!3f0!3m2!1i1024!2i768!4f13.1!3m3!1m2!1s0x47a099728a4f0f17%3A0x2280bc20cf9bce72!2sTHEOSPORT!5e1!3m2!1scs!2scz!4v1729685397428!5m2!1scs!2scz\" width=\"100%\" height=\"500\" style=\"border:0;\" allowfullscreen=\"\" loading=\"lazy\" referrerpolicy=\"no-referrer-when-downgrade\"><\/iframe>\n","protected":false},"excerpt":{"rendered":"<p>Prodejna: +420 353 568 041Martin: \u00a0\u00a0\u00a0+420 608 880 007Honza: \u00a0\u00a0\u00a0\u00a0+420 608 335 270To\u010fa: \u00a0\u00a0\u00a0\u00a0\u00a0\u00a0+420 602 110 419email: \u00a0\u00a0\u00a0\u00a0\u00a0\u00a0info@theosport.cz Theodor \u010cern\u00fdSokolovsk\u00e1 1023\/39360 05 Karlovy varyI\u010c: 16895975&hellip;<\/p>\n","protected":false},"author":1,"featured_media":0,"parent":0,"menu_order":0,"comment_status":"closed","ping_status":"closed","template":"","meta":{"_crdt_document":"","footnotes":""},"class_list":["post-76","page","type-page","status-publish","hentry"],"_links":{"self":[{"href":"https:\/\/theosport.cz\/index.php?rest_route=\/wp\/v2\/pages\/76","targetHints":{"allow":["GET"]}}],"collection":[{"href":"https:\/\/theosport.cz\/index.php?rest_route=\/wp\/v2\/pages"}],"about":[{"href":"https:\/\/theosport.cz\/index.php?rest_route=\/wp\/v2\/types\/page"}],"author":[{"embeddable":true,"href":"https:\/\/theosport.cz\/index.php?rest_route=\/wp\/v2\/users\/1"}],"replies":[{"embeddable":true,"href":"https:\/\/theosport.cz\/index.php?rest_route=%2Fwp%2Fv2%2Fcomments&post=76"}],"version-history":[{"count":25,"href":"https:\/\/theosport.cz\/index.php?rest_route=\/wp\/v2\/pages\/76\/revisions"}],"predecessor-version":[{"id":299,"href":"https:\/\/theosport.cz\/index.php?rest_route=\/wp\/v2\/pages\/76\/revisions\/299"}],"wp:attachment":[{"href":"https:\/\/theosport.cz\/index.php?rest_route=%2Fwp%2Fv2%2Fmedia&parent=76"}],"curies":[{"name":"wp","href":"https:\/\/api.w.org\/{rel}","templated":true}]}}